{"id":4462,"date":"2023-11-16T10:39:56","date_gmt":"2023-11-16T09:39:56","guid":{"rendered":"https:\/\/www.capaesculturas.com\/press-room\/"},"modified":"2024-11-11T15:50:15","modified_gmt":"2024-11-11T14:50:15","slug":"press-room","status":"publish","type":"page","link":"https:\/\/www.capaesculturas.com\/en\/press-room\/","title":{"rendered":"Press Room"},"content":{"rendered":"\t\t<div data-elementor-type=\"wp-page\" data-elementor-id=\"4462\" class=\"elementor elementor-4462 elementor-185\" data-elementor-post-type=\"page\">\n\t\t\t\t\t\t<section class=\"elementor-section elementor-top-section elementor-element elementor-element-63492db elementor-section-boxed elementor-section-height-default elementor-section-height-default\" data-id=\"63492db\" data-element_type=\"section\" data-e-type=\"section\" data-settings=\"{&quot;background_background&quot;:&quot;classic&quot;}\">\n\t\t\t\t\t\t<div class=\"elementor-container elementor-column-gap-default\">\n\t\t\t\t\t<div class=\"elementor-column elementor-col-50 elementor-top-column elementor-element elementor-element-4867905\" data-id=\"4867905\" data-element_type=\"column\" data-e-type=\"column\">\n\t\t\t<div class=\"elementor-widget-wrap elementor-element-populated\">\n\t\t\t\t\t\t<div class=\"elementor-element elementor-element-8677df5 elementor-widget-tablet__width-inherit elementor-widget-mobile__width-inherit elementor-widget elementor-widget-heading\" data-id=\"8677df5\" data-element_type=\"widget\" data-e-type=\"widget\" data-widget_type=\"heading.default\">\n\t\t\t\t<div class=\"elementor-widget-container\">\n\t\t\t\t\t<h1 class=\"elementor-heading-title elementor-size-default\">Press Room<span style=\"color:#81C301\">.<\/span><\/h1>\t\t\t\t<\/div>\n\t\t\t\t<\/div>\n\t\t\t\t<div class=\"elementor-element elementor-element-1c6141a elementor-widget elementor-widget-heading\" data-id=\"1c6141a\" data-element_type=\"widget\" data-e-type=\"widget\" data-widget_type=\"heading.default\">\n\t\t\t\t<div class=\"elementor-widget-container\">\n\t\t\t\t\t<h4 class=\"elementor-heading-title elementor-size-default\">CURRENT <span style=\"color:#81C301\">CAPA FOUNDRY<\/span> NEWS<\/h4>\t\t\t\t<\/div>\n\t\t\t\t<\/div>\n\t\t\t\t<div class=\"elementor-element elementor-element-0d779cb elementor-widget elementor-widget-text-editor\" data-id=\"0d779cb\" data-element_type=\"widget\" data-e-type=\"widget\" data-widget_type=\"text-editor.default\">\n\t\t\t\t<div class=\"elementor-widget-container\">\n\t\t\t\t\t\t\t\t\t<p>Welcome to the press room of Capa Esculturas. A space for the exchange of ideas, news, artistic novelties and much more. <\/p>\n\t\t\t\t\t\t\t\t<\/div>\n\t\t\t\t<\/div>\n\t\t\t\t\t<\/div>\n\t\t<\/div>\n\t\t\t\t<div class=\"elementor-column elementor-col-50 elementor-top-column elementor-element elementor-element-84b2e65\" data-id=\"84b2e65\" data-element_type=\"column\" data-e-type=\"column\">\n\t\t\t<div class=\"elementor-widget-wrap elementor-element-populated\">\n\t\t\t\t\t\t<div class=\"elementor-element elementor-element-041c60f elementor-widget-divider--view-line elementor-widget elementor-widget-divider\" data-id=\"041c60f\" data-element_type=\"widget\" data-e-type=\"widget\" data-widget_type=\"divider.default\">\n\t\t\t\t<div class=\"elementor-widget-container\">\n\t\t\t\t\t\t\t<div class=\"elementor-divider\">\n\t\t\t<span class=\"elementor-divider-separator\">\n\t\t\t\t\t\t<\/span>\n\t\t<\/div>\n\t\t\t\t\t\t<\/div>\n\t\t\t\t<\/div>\n\t\t\t\t\t<\/div>\n\t\t<\/div>\n\t\t\t\t\t<\/div>\n\t\t<\/section>\n\t\t\t\t<section class=\"elementor-section elementor-top-section elementor-element elementor-element-4046ee3 elementor-section-boxed elementor-section-height-default elementor-section-height-default\" data-id=\"4046ee3\" data-element_type=\"section\" data-e-type=\"section\">\n\t\t\t\t\t\t<div class=\"elementor-container elementor-column-gap-default\">\n\t\t\t\t\t<div class=\"elementor-column elementor-col-50 elementor-top-column elementor-element elementor-element-7e82d3d\" data-id=\"7e82d3d\" data-element_type=\"column\" data-e-type=\"column\">\n\t\t\t<div class=\"elementor-widget-wrap\">\n\t\t\t\t\t\t\t<\/div>\n\t\t<\/div>\n\t\t\t\t<div class=\"elementor-column elementor-col-50 elementor-top-column elementor-element elementor-element-e1764d1\" data-id=\"e1764d1\" data-element_type=\"column\" data-e-type=\"column\">\n\t\t\t<div class=\"elementor-widget-wrap elementor-element-populated\">\n\t\t\t\t\t\t\t<\/div>\n\t\t<\/div>\n\t\t\t\t\t<\/div>\n\t\t<\/section>\n\t\t\t\t<\/div>\n\t\t","protected":false},"excerpt":{"rendered":"<p>Press Room. CURRENT CAPA FOUNDRY NEWS Welcome to the press room of Capa Esculturas. A space for the exchange of ideas, news, artistic novelties and much more.<\/p>\n","protected":false},"author":1,"featured_media":0,"parent":0,"menu_order":0,"comment_status":"closed","ping_status":"closed","template":"elementor_header_footer","meta":{"_acf_changed":false,"footnotes":""},"class_list":["post-4462","page","type-page","status-publish"],"acf":[],"yoast_head":"<!-- This site is optimized with the Yoast SEO plugin v27.3 - https:\/\/yoast.com\/product\/yoast-seo-wordpress\/ -->\n<title>Press Room - Capa esculturas<\/title>\n<meta name=\"description\" content=\"In our Press Room section, you will find news and updates about our foundry and many more interesting things.\" \/>\n<meta name=\"robots\" content=\"index, follow, max-snippet:-1, max-image-preview:large, max-video-preview:-1\" \/>\n<link rel=\"canonical\" href=\"https:\/\/www.capaesculturas.com\/en\/press-room\/\" \/>\n<meta property=\"og:locale\" content=\"en_GB\" \/>\n<meta property=\"og:type\" content=\"article\" \/>\n<meta property=\"og:title\" content=\"Press Room - Capa esculturas\" \/>\n<meta property=\"og:description\" content=\"In our Press Room section, you will find news and updates about our foundry and many more interesting things.\" \/>\n<meta property=\"og:url\" content=\"https:\/\/www.capaesculturas.com\/en\/press-room\/\" \/>\n<meta property=\"og:site_name\" content=\"Capa esculturas\" \/>\n<meta property=\"article:modified_time\" content=\"2024-11-11T14:50:15+00:00\" \/>\n<meta property=\"og:image\" content=\"https:\/\/www.capaesculturas.com\/wp-content\/uploads\/Recurso-4.png\" \/>\n\t<meta property=\"og:image:width\" content=\"547\" \/>\n\t<meta property=\"og:image:height\" content=\"546\" \/>\n\t<meta property=\"og:image:type\" content=\"image\/png\" \/>\n<meta name=\"twitter:card\" content=\"summary_large_image\" \/>\n<meta name=\"twitter:label1\" content=\"Estimated reading time\" \/>\n\t<meta name=\"twitter:data1\" content=\"14 minutes\" \/>\n<script type=\"application\/ld+json\" class=\"yoast-schema-graph\">{\"@context\":\"https:\\\/\\\/schema.org\",\"@graph\":[{\"@type\":\"WebPage\",\"@id\":\"https:\\\/\\\/www.capaesculturas.com\\\/en\\\/press-room\\\/\",\"url\":\"https:\\\/\\\/www.capaesculturas.com\\\/en\\\/press-room\\\/\",\"name\":\"Press Room - Capa esculturas\",\"isPartOf\":{\"@id\":\"https:\\\/\\\/www.capaesculturas.com\\\/en\\\/#website\"},\"datePublished\":\"2023-11-16T09:39:56+00:00\",\"dateModified\":\"2024-11-11T14:50:15+00:00\",\"description\":\"In our Press Room section, you will find news and updates about our foundry and many more interesting things.\",\"breadcrumb\":{\"@id\":\"https:\\\/\\\/www.capaesculturas.com\\\/en\\\/press-room\\\/#breadcrumb\"},\"inLanguage\":\"en-GB\",\"potentialAction\":[{\"@type\":\"ReadAction\",\"target\":[\"https:\\\/\\\/www.capaesculturas.com\\\/en\\\/press-room\\\/\"]}]},{\"@type\":\"BreadcrumbList\",\"@id\":\"https:\\\/\\\/www.capaesculturas.com\\\/en\\\/press-room\\\/#breadcrumb\",\"itemListElement\":[{\"@type\":\"ListItem\",\"position\":1,\"name\":\"Portada\",\"item\":\"https:\\\/\\\/www.capaesculturas.com\\\/en\\\/homepage\\\/\"},{\"@type\":\"ListItem\",\"position\":2,\"name\":\"Press Room\"}]},{\"@type\":\"WebSite\",\"@id\":\"https:\\\/\\\/www.capaesculturas.com\\\/en\\\/#website\",\"url\":\"https:\\\/\\\/www.capaesculturas.com\\\/en\\\/\",\"name\":\"Capa Esculturas\",\"description\":\"Fundici\u00f3n y taller de referencia en el \u00e1mbito escult\u00f3rico\",\"publisher\":{\"@id\":\"https:\\\/\\\/www.capaesculturas.com\\\/en\\\/#organization\"},\"alternateName\":\"Fundici\u00f3n de Esculturas Capa\",\"potentialAction\":[{\"@type\":\"SearchAction\",\"target\":{\"@type\":\"EntryPoint\",\"urlTemplate\":\"https:\\\/\\\/www.capaesculturas.com\\\/en\\\/?s={search_term_string}\"},\"query-input\":{\"@type\":\"PropertyValueSpecification\",\"valueRequired\":true,\"valueName\":\"search_term_string\"}}],\"inLanguage\":\"en-GB\"},{\"@type\":\"Organization\",\"@id\":\"https:\\\/\\\/www.capaesculturas.com\\\/en\\\/#organization\",\"name\":\"Capa Esculturas\",\"alternateName\":\"Fundici\u00f3n y taller de referencia en el \u00e1mbito escult\u00f3rico\",\"url\":\"https:\\\/\\\/www.capaesculturas.com\\\/en\\\/\",\"logo\":{\"@type\":\"ImageObject\",\"inLanguage\":\"en-GB\",\"@id\":\"https:\\\/\\\/www.capaesculturas.com\\\/en\\\/#\\\/schema\\\/logo\\\/image\\\/\",\"url\":\"https:\\\/\\\/www.capaesculturas.com\\\/wp-content\\\/uploads\\\/capa-esculturas-eps.png\",\"contentUrl\":\"https:\\\/\\\/www.capaesculturas.com\\\/wp-content\\\/uploads\\\/capa-esculturas-eps.png\",\"width\":1911,\"height\":1904,\"caption\":\"Capa Esculturas\"},\"image\":{\"@id\":\"https:\\\/\\\/www.capaesculturas.com\\\/en\\\/#\\\/schema\\\/logo\\\/image\\\/\"}}]}<\/script>\n<!-- \/ Yoast SEO plugin. -->","yoast_head_json":{"title":"Press Room - Capa esculturas","description":"In our Press Room section, you will find news and updates about our foundry and many more interesting things.","robots":{"index":"index","follow":"follow","max-snippet":"max-snippet:-1","max-image-preview":"max-image-preview:large","max-video-preview":"max-video-preview:-1"},"canonical":"https:\/\/www.capaesculturas.com\/en\/press-room\/","og_locale":"en_GB","og_type":"article","og_title":"Press Room - Capa esculturas","og_description":"In our Press Room section, you will find news and updates about our foundry and many more interesting things.","og_url":"https:\/\/www.capaesculturas.com\/en\/press-room\/","og_site_name":"Capa esculturas","article_modified_time":"2024-11-11T14:50:15+00:00","og_image":[{"width":547,"height":546,"url":"https:\/\/www.capaesculturas.com\/wp-content\/uploads\/Recurso-4.png","type":"image\/png"}],"twitter_card":"summary_large_image","twitter_misc":{"Estimated reading time":"14 minutes"},"schema":{"@context":"https:\/\/schema.org","@graph":[{"@type":"WebPage","@id":"https:\/\/www.capaesculturas.com\/en\/press-room\/","url":"https:\/\/www.capaesculturas.com\/en\/press-room\/","name":"Press Room - Capa esculturas","isPartOf":{"@id":"https:\/\/www.capaesculturas.com\/en\/#website"},"datePublished":"2023-11-16T09:39:56+00:00","dateModified":"2024-11-11T14:50:15+00:00","description":"In our Press Room section, you will find news and updates about our foundry and many more interesting things.","breadcrumb":{"@id":"https:\/\/www.capaesculturas.com\/en\/press-room\/#breadcrumb"},"inLanguage":"en-GB","potentialAction":[{"@type":"ReadAction","target":["https:\/\/www.capaesculturas.com\/en\/press-room\/"]}]},{"@type":"BreadcrumbList","@id":"https:\/\/www.capaesculturas.com\/en\/press-room\/#breadcrumb","itemListElement":[{"@type":"ListItem","position":1,"name":"Portada","item":"https:\/\/www.capaesculturas.com\/en\/homepage\/"},{"@type":"ListItem","position":2,"name":"Press Room"}]},{"@type":"WebSite","@id":"https:\/\/www.capaesculturas.com\/en\/#website","url":"https:\/\/www.capaesculturas.com\/en\/","name":"Capa Esculturas","description":"Fundici\u00f3n y taller de referencia en el \u00e1mbito escult\u00f3rico","publisher":{"@id":"https:\/\/www.capaesculturas.com\/en\/#organization"},"alternateName":"Fundici\u00f3n de Esculturas Capa","potentialAction":[{"@type":"SearchAction","target":{"@type":"EntryPoint","urlTemplate":"https:\/\/www.capaesculturas.com\/en\/?s={search_term_string}"},"query-input":{"@type":"PropertyValueSpecification","valueRequired":true,"valueName":"search_term_string"}}],"inLanguage":"en-GB"},{"@type":"Organization","@id":"https:\/\/www.capaesculturas.com\/en\/#organization","name":"Capa Esculturas","alternateName":"Fundici\u00f3n y taller de referencia en el \u00e1mbito escult\u00f3rico","url":"https:\/\/www.capaesculturas.com\/en\/","logo":{"@type":"ImageObject","inLanguage":"en-GB","@id":"https:\/\/www.capaesculturas.com\/en\/#\/schema\/logo\/image\/","url":"https:\/\/www.capaesculturas.com\/wp-content\/uploads\/capa-esculturas-eps.png","contentUrl":"https:\/\/www.capaesculturas.com\/wp-content\/uploads\/capa-esculturas-eps.png","width":1911,"height":1904,"caption":"Capa Esculturas"},"image":{"@id":"https:\/\/www.capaesculturas.com\/en\/#\/schema\/logo\/image\/"}}]}},"_links":{"self":[{"href":"https:\/\/www.capaesculturas.com\/en\/wp-json\/wp\/v2\/pages\/4462","targetHints":{"allow":["GET"]}}],"collection":[{"href":"https:\/\/www.capaesculturas.com\/en\/wp-json\/wp\/v2\/pages"}],"about":[{"href":"https:\/\/www.capaesculturas.com\/en\/wp-json\/wp\/v2\/types\/page"}],"author":[{"embeddable":true,"href":"https:\/\/www.capaesculturas.com\/en\/wp-json\/wp\/v2\/users\/1"}],"replies":[{"embeddable":true,"href":"https:\/\/www.capaesculturas.com\/en\/wp-json\/wp\/v2\/comments?post=4462"}],"version-history":[{"count":5,"href":"https:\/\/www.capaesculturas.com\/en\/wp-json\/wp\/v2\/pages\/4462\/revisions"}],"predecessor-version":[{"id":6506,"href":"https:\/\/www.capaesculturas.com\/en\/wp-json\/wp\/v2\/pages\/4462\/revisions\/6506"}],"wp:attachment":[{"href":"https:\/\/www.capaesculturas.com\/en\/wp-json\/wp\/v2\/media?parent=4462"}],"curies":[{"name":"wp","href":"https:\/\/api.w.org\/{rel}","templated":true}]}}